{"id":347,"date":"2019-12-23T20:35:02","date_gmt":"2019-12-23T20:35:02","guid":{"rendered":"https:\/\/ninetheme.com\/themes\/r-energy\/?page_id=347"},"modified":"2021-09-16T18:09:38","modified_gmt":"2021-09-16T18:09:38","slug":"about","status":"publish","type":"page","link":"https:\/\/carfer.energy\/index.php\/about\/","title":{"rendered":"About"},"content":{"rendered":"\t\t<div data-elementor-type=\"wp-page\" data-elementor-id=\"347\" class=\"elementor elementor-347\" data-elementor-settings=\"[]\">\n\t\t\t\t\t\t\t<div class=\"elementor-section-wrap\">\n\t\t\t\t\t\t\t<section class=\"elementor-section elementor-top-section elementor-element elementor-element-c33b80c elementor-section-stretched elementor-section-full_width elementor-section-height-default elementor-section-height-default\" data-id=\"c33b80c\" data-element_type=\"section\" data-settings=\"{&quot;stretch_section&quot;:&quot;section-stretched&quot;}\">\n\t\t\t\t\t\t<div class=\"elementor-container elementor-column-gap-no\">\n\t\t\t\t\t<div class=\"elementor-column elementor-col-100 elementor-top-column elementor-element elementor-element-788217e\" data-id=\"788217e\" data-element_type=\"column\">\n\t\t\t<div class=\"elementor-widget-wrap elementor-element-populated\">\n\t\t\t\t\t\t\t\t<div class=\"elementor-element elementor-element-487629e elementor-widget elementor-widget-r-energy-page-hero-section\" data-id=\"487629e\" data-element_type=\"widget\" data-widget_type=\"r-energy-page-hero-section.default\">\n\t\t\t\t<div class=\"elementor-widget-container\">\n\t\t\t<div class=\"promo-primary\"><div class=\"overlay\"><\/div><picture><source srcset=\"https:\/\/carfer.energy\/wp-content\/uploads\/2019\/12\/about.jpg\" media=\"(min-width: 992px)\"\/><img class=\"img-bg\" src=\"https:\/\/carfer.energy\/wp-content\/uploads\/2019\/12\/about.jpg\" alt=\"about.jpg\"\/><\/picture><div class=\"container\"><div class=\"row\"><div class=\"col-12\"><div class=\"align-container\"><div class=\"align-item\"><span class=\"site__name\">Carfer Energy<\/span><h1 class=\"title\">Acerca de CARFER<\/h1><\/div><\/div><\/div><\/div><\/div><\/div>\t\t<\/div>\n\t\t\t\t<\/div>\n\t\t\t\t\t<\/div>\n\t\t<\/div>\n\t\t\t\t\t\t\t<\/div>\n\t\t<\/section>\n\t\t\t\t<div class=\"elementor-section elementor-top-section elementor-element elementor-element-767fd884 elementor-section-stretched elementor-section-full_width nt-section section no-padding-bottom about-welcome elementor-section-height-default elementor-section-height-default\" data-id=\"767fd884\" data-element_type=\"section\" data-settings=\"{&quot;stretch_section&quot;:&quot;section-stretched&quot;}\">\n\t\t\t\t\t\t<div class=\"elementor-container elementor-column-gap-no\">\n\t\t\t\t\t<div class=\"elementor-column elementor-col-100 elementor-top-column elementor-element elementor-element-35022a44\" data-id=\"35022a44\" data-element_type=\"column\">\n\t\t\t<div class=\"elementor-widget-wrap elementor-element-populated\">\n\t\t\t\t\t\t\t\t<div class=\"elementor-element elementor-element-1b998a46 elementor-widget elementor-widget-r-energy-about-us-two-section\" data-id=\"1b998a46\" data-element_type=\"widget\" data-widget_type=\"r-energy-about-us-two-section.default\">\n\t\t\t\t<div class=\"elementor-widget-container\">\n\t\t\t<div class=\"about-welcome about-welcome--style-2\"><div class=\"container\"><div class=\"row align-items-center\"><div class=\"col-xl-4 col-lg-5\"><div class=\"title-block\"><h2 class=\"title\">Bienvenido a CARFER ENERGY<\/h2><\/div><\/div><div class=\"col-xl-7 offset-xl-1 col-lg-6 offset-lg-1\"><div class=\"description\"><h3 class=\"title\">L\u00edder en el sector de las energ\u00edas renovables<\/h3><p>El equipo de CARFER Energy tiene una s\u00f3lida experiencia en el sector, tanto en proyectos greenfield como en plantas operativas, y ha trabajado en varias geograf\u00edas y para clientes que invierten y gestionan tecnolog\u00edas diversas.<\/p><p>Nuestra MISI\u00d3N es producir y suministrar energ\u00eda renovable, e\u00f3lica y solar, de acuerdo con las necesidades de nuestros clientes, ya sean clientes individuales o el sistema el\u00e9ctrico en su conjunto.<\/p><p>Nuestra VISI\u00d3N es ser una plataforma l\u00edder para la prestaci\u00f3n de servicios en el sector de las energ\u00edas renovables, abarcando todos los pasos de la cadena de valor, desde el dise\u00f1o y desarrollo de las instalaciones hasta su gesti\u00f3n y operaci\u00f3n.<\/p><p>\u00a0<\/p><\/div><\/div><\/div><\/div><\/div>\t\t<\/div>\n\t\t\t\t<\/div>\n\t\t\t\t\t<\/div>\n\t\t<\/div>\n\t\t\t\t\t\t\t<\/div>\n\t\t<\/div>\n\t\t\t\t<div class=\"elementor-section elementor-top-section elementor-element elementor-element-18836b1e elementor-section-stretched elementor-section-full_width nt-section section default-indent elementor-section-height-default elementor-section-height-default\" data-id=\"18836b1e\" data-element_type=\"section\" data-settings=\"{&quot;stretch_section&quot;:&quot;section-stretched&quot;}\">\n\t\t\t\t\t\t<div class=\"elementor-container elementor-column-gap-no\">\n\t\t\t\t\t<div class=\"elementor-column elementor-col-100 elementor-top-column elementor-element elementor-element-3ac7b8b6\" data-id=\"3ac7b8b6\" data-element_type=\"column\">\n\t\t\t<div class=\"elementor-widget-wrap\">\n\t\t\t\t\t\t\t\t\t<\/div>\n\t\t<\/div>\n\t\t\t\t\t\t\t<\/div>\n\t\t<\/div>\n\t\t\t\t<section class=\"elementor-section elementor-top-section elementor-element elementor-element-eeffe5d elementor-section-stretched elementor-section-full_width nt-section section no-padding-top elementor-section-height-default elementor-section-height-default\" data-id=\"eeffe5d\" data-element_type=\"section\" data-settings=\"{&quot;stretch_section&quot;:&quot;section-stretched&quot;}\">\n\t\t\t\t\t\t<div class=\"elementor-container elementor-column-gap-no\">\n\t\t\t\t\t<div class=\"elementor-column elementor-col-100 elementor-top-column elementor-element elementor-element-3f66ae0\" data-id=\"3f66ae0\" data-element_type=\"column\">\n\t\t\t<div class=\"elementor-widget-wrap elementor-element-populated\">\n\t\t\t\t\t\t\t\t<div class=\"elementor-element elementor-element-e391886 elementor-widget elementor-widget-r-energy-video-popup-item\" data-id=\"e391886\" data-element_type=\"widget\" data-widget_type=\"r-energy-video-popup-item.default\">\n\t\t\t\t<div class=\"elementor-widget-container\">\n\t\t\t<div class=\"video-section\"><div class=\"container\"><div class=\"row\"><div class=\"col-12\"><div class=\"img-holder\"><div class=\"overlay\"><\/div><picture><source srcset=\"https:\/\/carfer.energy\/wp-content\/uploads\/2019\/12\/video-sect-bg.jpg\" media=\"(min-width: 992px)\"\/><img class=\"img-bg\" src=\"https:\/\/carfer.energy\/wp-content\/uploads\/2019\/12\/video-sect-bg.jpg\" alt=\"video-sect-bg.jpg\"\/><\/picture><a class=\"fancy-video\" href=\"https:\/\/www.youtube.com\/embed\/1kUE0BZtTRc\"><i class=\"fa fa-play\" aria-hidden=\"aria-hidden\"><\/i><\/a><span class=\"text\">Video Presentation<\/span><\/div><\/div><\/div><\/div><\/div>\t\t<\/div>\n\t\t\t\t<\/div>\n\t\t\t\t\t<\/div>\n\t\t<\/div>\n\t\t\t\t\t\t\t<\/div>\n\t\t<\/section>\n\t\t\t\t<div class=\"elementor-section elementor-top-section elementor-element elementor-element-0445edb elementor-section-stretched elementor-section-full_width nt-section section default-indent statistics elementor-section-height-default elementor-section-height-default\" data-id=\"0445edb\" data-element_type=\"section\" data-settings=\"{&quot;stretch_section&quot;:&quot;section-stretched&quot;}\">\n\t\t\t\t\t\t<div class=\"elementor-container elementor-column-gap-no\">\n\t\t\t\t\t<div class=\"elementor-column elementor-col-100 elementor-top-column elementor-element elementor-element-b7c1e81\" data-id=\"b7c1e81\" data-element_type=\"column\">\n\t\t\t<div class=\"elementor-widget-wrap elementor-element-populated\">\n\t\t\t\t\t\t\t\t<div class=\"elementor-element elementor-element-ebf99e6 elementor-widget elementor-widget-r-energy-section-heading\" data-id=\"ebf99e6\" data-element_type=\"widget\" data-widget_type=\"r-energy-section-heading.default\">\n\t\t\t\t<div class=\"elementor-widget-container\">\n\t\t\t<div class=\"heading primary-heading\"><h3 class=\"title\">Estad\u00edsticas<\/h3><h5 class=\"subtitle\"><span>CARFER<\/span> <span>presencia global<\/span><\/h5><\/div>\t\t<\/div>\n\t\t\t\t<\/div>\n\t\t\t\t<div class=\"elementor-section elementor-inner-section elementor-element elementor-element-0995742 elementor-section-boxed elementor-section-height-default elementor-section-height-default\" data-id=\"0995742\" data-element_type=\"section\">\n\t\t\t\t\t\t<div class=\"elementor-container elementor-column-gap-default\">\n\t\t\t\t\t<div class=\"elementor-column elementor-col-33 elementor-inner-column elementor-element elementor-element-7a8139f\" data-id=\"7a8139f\" data-element_type=\"column\">\n\t\t\t<div class=\"elementor-widget-wrap elementor-element-populated\">\n\t\t\t\t\t\t\t\t<div class=\"elementor-element elementor-element-ab5fbab elementor-widget elementor-widget-r-energy-counter-up-item\" data-id=\"ab5fbab\" data-element_type=\"widget\" data-widget_type=\"r-energy-counter-up-item.default\">\n\t\t\t\t<div class=\"elementor-widget-container\">\n\t\t\t<div class=\"counter-block counter--text-lower\"><div class=\"statistics-item\"><span class=\"counter\">3<\/span><span class=\"description\">GW<\/span><\/div><\/div>\t\t<\/div>\n\t\t\t\t<\/div>\n\t\t\t\t\t<\/div>\n\t\t<\/div>\n\t\t\t\t<div class=\"elementor-column elementor-col-33 elementor-inner-column elementor-element elementor-element-3c0dfbb\" data-id=\"3c0dfbb\" data-element_type=\"column\">\n\t\t\t<div class=\"elementor-widget-wrap elementor-element-populated\">\n\t\t\t\t\t\t\t\t<div class=\"elementor-element elementor-element-3c931e5 elementor-widget elementor-widget-r-energy-counter-up-item\" data-id=\"3c931e5\" data-element_type=\"widget\" data-widget_type=\"r-energy-counter-up-item.default\">\n\t\t\t\t<div class=\"elementor-widget-container\">\n\t\t\t<div class=\"counter-block counter--text-lower\"><div class=\"statistics-item\"><span class=\"counter\">90<\/span><span class=\"description\">Proyectos<\/span><\/div><\/div>\t\t<\/div>\n\t\t\t\t<\/div>\n\t\t\t\t\t<\/div>\n\t\t<\/div>\n\t\t\t\t<div class=\"elementor-column elementor-col-33 elementor-inner-column elementor-element elementor-element-3f42a97\" data-id=\"3f42a97\" data-element_type=\"column\">\n\t\t\t<div class=\"elementor-widget-wrap elementor-element-populated\">\n\t\t\t\t\t\t\t\t<div class=\"elementor-element elementor-element-cf46f1b elementor-widget elementor-widget-r-energy-counter-up-item\" data-id=\"cf46f1b\" data-element_type=\"widget\" data-widget_type=\"r-energy-counter-up-item.default\">\n\t\t\t\t<div class=\"elementor-widget-container\">\n\t\t\t<div class=\"counter-block counter--text-lower\"><div class=\"statistics-item\"><span class=\"counter\">5<\/span><span class=\"description\">Pa\u00edses<\/span><\/div><\/div>\t\t<\/div>\n\t\t\t\t<\/div>\n\t\t\t\t\t<\/div>\n\t\t<\/div>\n\t\t\t\t\t\t\t<\/div>\n\t\t<\/div>\n\t\t\t\t\t<\/div>\n\t\t<\/div>\n\t\t\t\t\t\t\t<\/div>\n\t\t<\/div>\n\t\t\t\t<div class=\"elementor-section elementor-top-section elementor-element elementor-element-0f6a6c1 elementor-section-stretched elementor-section-full_width nt-section section default-indent elementor-section-height-default elementor-section-height-default\" data-id=\"0f6a6c1\" data-element_type=\"section\" data-settings=\"{&quot;stretch_section&quot;:&quot;section-stretched&quot;}\">\n\t\t\t\t\t\t<div class=\"elementor-container elementor-column-gap-no\">\n\t\t\t\t\t<div class=\"elementor-column elementor-col-100 elementor-top-column elementor-element elementor-element-ecce4d3\" data-id=\"ecce4d3\" data-element_type=\"column\">\n\t\t\t<div class=\"elementor-widget-wrap elementor-element-populated\">\n\t\t\t\t\t\t\t\t<div class=\"elementor-element elementor-element-8e45fed elementor-widget elementor-widget-r-energy-section-heading\" data-id=\"8e45fed\" data-element_type=\"widget\" data-widget_type=\"r-energy-section-heading.default\">\n\t\t\t\t<div class=\"elementor-widget-container\">\n\t\t\t<div class=\"heading primary-heading\"><h3 class=\"title\">Equipo<\/h3><h5 class=\"subtitle\"><span>Re\u00fanete<\/span> <span>con el equipo<\/span><\/h5><div class=\"desc\"><p>Somos referente en el sector por nuestra experiencia y enfoque multidisciplinar<\/p>\n<p><a href=\"tel:+34 692 30 19 79\">+34 692 30 19 79<\/a><\/p>\n<p><a href=\"mailto:hello@carfer.energy\">hello@carfer.energy<\/a><\/p>\n<\/div><\/div>\t\t<\/div>\n\t\t\t\t<\/div>\n\t\t\t\t\t<\/div>\n\t\t<\/div>\n\t\t\t\t\t\t\t<\/div>\n\t\t<\/div>\n\t\t\t\t<section class=\"elementor-section elementor-top-section elementor-element elementor-element-716683a elementor-section-boxed elementor-section-height-default elementor-section-height-default\" data-id=\"716683a\" data-element_type=\"section\">\n\t\t\t\t\t\t<div class=\"elementor-container elementor-column-gap-default\">\n\t\t\t\t\t<div class=\"elementor-column elementor-col-100 elementor-top-column elementor-element elementor-element-7b4bfa2\" data-id=\"7b4bfa2\" data-element_type=\"column\">\n\t\t\t<div class=\"elementor-widget-wrap elementor-element-populated\">\n\t\t\t\t\t\t\t\t<div class=\"elementor-element elementor-element-2c987f6 elementor-widget-divider--view-line elementor-widget elementor-widget-divider\" data-id=\"2c987f6\" data-element_type=\"widget\" data-widget_type=\"divider.default\">\n\t\t\t\t<div class=\"elementor-widget-container\">\n\t\t\t\t\t<div class=\"elementor-divider\">\n\t\t\t<span class=\"elementor-divider-separator\">\n\t\t\t\t\t\t<\/span>\n\t\t<\/div>\n\t\t\t\t<\/div>\n\t\t\t\t<\/div>\n\t\t\t\t\t<\/div>\n\t\t<\/div>\n\t\t\t\t\t\t\t<\/div>\n\t\t<\/section>\n\t\t\t\t\t\t<\/div>\n\t\t\t\t\t<\/div>\n\t\t","protected":false},"excerpt":{"rendered":"<p>Carfer Energy Acerca de CARFER Bienvenido a CARFER ENERGY L\u00edder en el sector de las energ\u00edas renovables El equipo de CARFER Energy tiene una s\u00f3lida experiencia en el sector, tanto en proyectos greenfield como en plantas operativas, y ha trabajado en varias geograf\u00edas y para clientes que invierten y gestionan tecnolog\u00edas diversas. Nuestra MISI\u00d3N es&#8230;<\/p>\n","protected":false},"author":1,"featured_media":0,"parent":0,"menu_order":0,"comment_status":"closed","ping_status":"closed","template":"r-energy-elementor-page.php","meta":[],"_links":{"self":[{"href":"https:\/\/carfer.energy\/index.php\/wp-json\/wp\/v2\/pages\/347"}],"collection":[{"href":"https:\/\/carfer.energy\/index.php\/wp-json\/wp\/v2\/pages"}],"about":[{"href":"https:\/\/carfer.energy\/index.php\/wp-json\/wp\/v2\/types\/page"}],"author":[{"embeddable":true,"href":"https:\/\/carfer.energy\/index.php\/wp-json\/wp\/v2\/users\/1"}],"replies":[{"embeddable":true,"href":"https:\/\/carfer.energy\/index.php\/wp-json\/wp\/v2\/comments?post=347"}],"version-history":[{"count":82,"href":"https:\/\/carfer.energy\/index.php\/wp-json\/wp\/v2\/pages\/347\/revisions"}],"predecessor-version":[{"id":8667,"href":"https:\/\/carfer.energy\/index.php\/wp-json\/wp\/v2\/pages\/347\/revisions\/8667"}],"wp:attachment":[{"href":"https:\/\/carfer.energy\/index.php\/wp-json\/wp\/v2\/media?parent=347"}],"curies":[{"name":"wp","href":"https:\/\/api.w.org\/{rel}","templated":true}]}}