{"id":382,"date":"2019-12-24T14:16:11","date_gmt":"2019-12-24T14:16:11","guid":{"rendered":"https:\/\/ninetheme.com\/themes\/r-energy\/?page_id=382"},"modified":"2021-04-04T18:50:52","modified_gmt":"2021-04-04T18:50:52","slug":"our-services","status":"publish","type":"page","link":"https:\/\/carfer.energy\/index.php\/our-services\/","title":{"rendered":"Our Services"},"content":{"rendered":"\t\t<div data-elementor-type=\"wp-page\" data-elementor-id=\"382\" class=\"elementor elementor-382\" data-elementor-settings=\"[]\">\n\t\t\t\t\t\t\t<div class=\"elementor-section-wrap\">\n\t\t\t\t\t\t\t<div class=\"elementor-section elementor-top-section elementor-element elementor-element-2b46ca47 elementor-section-stretched elementor-section-full_width elementor-section-height-default elementor-section-height-default\" data-id=\"2b46ca47\" data-element_type=\"section\" data-settings=\"{&quot;stretch_section&quot;:&quot;section-stretched&quot;}\">\n\t\t\t\t\t\t<div class=\"elementor-container elementor-column-gap-no\">\n\t\t\t\t\t<div class=\"elementor-column elementor-col-100 elementor-top-column elementor-element elementor-element-27e3d86b\" data-id=\"27e3d86b\" data-element_type=\"column\">\n\t\t\t<div class=\"elementor-widget-wrap elementor-element-populated\">\n\t\t\t\t\t\t\t\t<div class=\"elementor-element elementor-element-555a0fea elementor-widget elementor-widget-r-energy-page-hero-section\" data-id=\"555a0fea\" data-element_type=\"widget\" data-widget_type=\"r-energy-page-hero-section.default\">\n\t\t\t\t<div class=\"elementor-widget-container\">\n\t\t\t<div class=\"promo-primary\"><div class=\"overlay\"><\/div><picture><source srcset=\"https:\/\/carfer.energy\/wp-content\/uploads\/2019\/12\/services.jpg\" media=\"(min-width: 992px)\"\/><img class=\"img-bg\" src=\"https:\/\/carfer.energy\/wp-content\/uploads\/2019\/12\/services.jpg\" alt=\"services.jpg\"\/><\/picture><div class=\"container\"><div class=\"row\"><div class=\"col-12\"><div class=\"align-container\"><div class=\"align-item\"><span class=\"site__name\">Carfer Energy<\/span><h1 class=\"title\">Nuestros Servicios<\/h1><\/div><\/div><\/div><\/div><\/div><\/div>\t\t<\/div>\n\t\t\t\t<\/div>\n\t\t\t\t\t<\/div>\n\t\t<\/div>\n\t\t\t\t\t\t\t<\/div>\n\t\t<\/div>\n\t\t\t\t<div class=\"elementor-section elementor-top-section elementor-element elementor-element-50c800a0 elementor-section-stretched elementor-section-full_width nt-section section default-indent elementor-section-height-default elementor-section-height-default\" data-id=\"50c800a0\" data-element_type=\"section\" data-settings=\"{&quot;stretch_section&quot;:&quot;section-stretched&quot;}\">\n\t\t\t\t\t\t<div class=\"elementor-container elementor-column-gap-no\">\n\t\t\t\t\t<div class=\"elementor-column elementor-col-100 elementor-top-column elementor-element elementor-element-13f8628e\" data-id=\"13f8628e\" data-element_type=\"column\">\n\t\t\t<div class=\"elementor-widget-wrap elementor-element-populated\">\n\t\t\t\t\t\t\t\t<div class=\"elementor-element elementor-element-4c66db69 elementor-widget elementor-widget-r-energy-services-section\" data-id=\"4c66db69\" data-element_type=\"widget\" data-widget_type=\"r-energy-services-section.default\">\n\t\t\t\t<div class=\"elementor-widget-container\">\n\t\t\t<div class=\"services-inner services-inner--style-3\"><div class=\"container\"><div class=\"row margin-bottom\"><div class=\"col-xl-7 col-lg-6\"><div class=\"heading primary-heading inner-heading\"><div class=\"title-holder\"><div class=\"title-block\"><h3 class=\"title\">Servicios<\/h3><p class=\"subtitle\">Nuestros servicios<br\/> CARFER ENERGY<\/p><\/div><\/div><\/div><\/div><div class=\"col-xl-5 col-lg-6\"><div class=\"heading-description\"><p>CARFER Energy desarrolla los proyectos de forma estrat\u00e9gica, segura y con la m\u00e1xima garant\u00eda ante los diferentes niveles de riesgo (financiero, regulatorio, administrativo), minimiz\u00e1ndolos y optimizando la rentabilidad.<\/p><p>La compa\u00f1\u00eda aborda todo tipo de proyectos renovables de forma integral, prestando los siguientes servicios:<\/p><\/div><\/div><\/div><\/div><div class=\"content-holder\"><div class=\"content\"><div class=\"container\"><div class=\"row offset-margin justify-content-sm-center\"><div class=\"col-sm-8 col-md-6 col-lg-4\"><div class=\"info-box\"><div class=\"info-box__img\"><img src=\"https:\/\/ninetheme.com\/themes\/r-energy\/wp-content\/uploads\/2019\/12\/serv-in-bg-2.jpg\" alt=\"serv-in-bg-2.jpg\"\/><\/div><div class=\"info-box__category\">Energ\u00eda E\u00f3lica y Solar<\/div><div class=\"info-box__description\"><div class=\"info-box__number\">01<\/div><div class=\"info-box__inner\"><h4 class=\"info-box__title\">Fase de Prefactibilidad<i class=\"fa fa-chevron-right\" aria-hidden=\"true\"><\/i><\/h4><div class=\"info-box__hidden\"><p>Evaluaci\u00f3n de recurso y producci\u00f3n, Dise\u00f1o de proyecto, Acuerdos de tierras, Conexi\u00f3n y capacidad de la red el\u00e9ctrica<\/p>\n<\/div><\/div><\/div><\/div><\/div><div class=\"col-sm-8 col-md-6 col-lg-4\"><div class=\"info-box\"><div class=\"info-box__img\"><img src=\"http:\/\/carfer.energy\/wp-content\/uploads\/2019\/12\/serv-in-bg-1-1.jpg\" alt=\"serv-in-bg-1-1.jpg\"\/><\/div><div class=\"info-box__category\">Energ\u00eda E\u00f3lica y Solar<\/div><div class=\"info-box__description\"><div class=\"info-box__number\">02<\/div><div class=\"info-box__inner\"><h4 class=\"info-box__title\">Fase de Desarrollo<i class=\"fa fa-chevron-right\" aria-hidden=\"true\"><\/i><\/h4><div class=\"info-box__hidden\"><p>Concesi\u00f3n de licencias y gesti\u00f3n de documentaci\u00f3n reglamentaria, Programa y presupuesto del proyecto, Permisos y licencias (permiting) (administrativas, legales, ambientales, sociales).<\/p>\n<\/div><\/div><\/div><\/div><\/div><div class=\"col-sm-8 col-md-6 col-lg-4\"><div class=\"info-box\"><div class=\"info-box__img\"><img src=\"http:\/\/carfer.energy\/wp-content\/uploads\/2019\/12\/serv-in-bg-5-1.jpg\" alt=\"serv-in-bg-5-1.jpg\"\/><\/div><div class=\"info-box__category\">Energ\u00eda E\u00f3lica y Solar<\/div><div class=\"info-box__description\"><div class=\"info-box__number\">03<\/div><div class=\"info-box__inner\"><h4 class=\"info-box__title\">Due Diligence de desarrollo<i class=\"fa fa-chevron-right\" aria-hidden=\"true\"><\/i><\/h4><div class=\"info-box__hidden\"><p>An\u00e1lisis de viabilidad. An\u00e1lisis de emplazamiento y de permisos obtenidos y sus consecuencias para el desarrollo \/ proyecto. An\u00e1lisis de previsi\u00f3n de plazos en obtenci\u00f3n de permisos. Valoraci\u00f3n econ\u00f3mica del desarrollo.<\/p>\n<\/div><\/div><\/div><\/div><\/div><div class=\"col-sm-8 col-md-6 col-lg-4\"><div class=\"info-box\"><div class=\"info-box__img\"><img src=\"http:\/\/carfer.energy\/wp-content\/uploads\/2019\/12\/gallery-3-1.jpg\" alt=\"gallery-3-1.jpg\"\/><\/div><div class=\"info-box__category\">Energ\u00eda E\u00f3lica y Solar<\/div><div class=\"info-box__description\"><div class=\"info-box__number\">04<\/div><div class=\"info-box__inner\"><h4 class=\"info-box__title\">Asesor\u00eda a la inversi\u00f3n renovable<i class=\"fa fa-chevron-right\" aria-hidden=\"true\"><\/i><\/h4><div class=\"info-box__hidden\"><p>Acuerdos privados de venta de energ\u00eda (PPA) a largo plazo. B\u00fasqueda de compradores (offtakers) con capacidad y solidez financiera adecuada (bancabilidad). Negociaci\u00f3n para fijar precios que garanticen la rentabilidad de la inversi\u00f3n, optimizando la financiaci\u00f3n y garantizando la rentabilidad.<\/p>\n<\/div><\/div><\/div><\/div><\/div><div class=\"col-sm-8 col-md-6 col-lg-4\"><div class=\"info-box\"><div class=\"info-box__img\"><img src=\"http:\/\/carfer.energy\/wp-content\/uploads\/2019\/12\/serv-in-bg-4-1.jpg\" alt=\"serv-in-bg-4-1.jpg\"\/><\/div><div class=\"info-box__category\">Energ\u00eda E\u00f3lica y Solar<\/div><div class=\"info-box__description\"><div class=\"info-box__number\">05<\/div><div class=\"info-box__inner\"><h4 class=\"info-box__title\">Consultoria integral Ready to Build (RtB)<i class=\"fa fa-chevron-right\" aria-hidden=\"true\"><\/i><\/h4><div class=\"info-box__hidden\"><p>Identificaci\u00f3n de las ubicaciones con mejores condiciones seg\u00fan los estudios realizados por la compa\u00f1\u00eda<br \/>\nIdentificaci\u00f3n de las ubicaciones con mejores condiciones seg\u00fan los estudios realizados por la compa\u00f1\u00eda. Solicitud de acceso a red. Negociaci\u00f3n de los terrenos.<br \/>\nGesti\u00f3n del proyecto y estudio de impacto ambiental. Obtenci\u00f3n de todas las licencias y permisos.<\/p>\n<\/div><\/div><\/div><\/div><\/div><div class=\"col-sm-8 col-md-6 col-lg-4\"><div class=\"info-box\"><div class=\"info-box__img\"><img src=\"http:\/\/carfer.energy\/wp-content\/uploads\/2019\/12\/serv-in-bg-3-1.jpg\" alt=\"serv-in-bg-3-1.jpg\"\/><\/div><div class=\"info-box__category\">Energ\u00eda E\u00f3lica y Solar<\/div><div class=\"info-box__description\"><div class=\"info-box__number\">06<\/div><div class=\"info-box__inner\"><h4 class=\"info-box__title\">Hibridaci\u00f3n<i class=\"fa fa-chevron-right\" aria-hidden=\"true\"><\/i><\/h4><div class=\"info-box__hidden\"><p>XXXXXXX<\/p>\n<\/div><\/div><\/div><\/div><\/div><\/div><\/div><\/div><\/div><\/div>\t\t<\/div>\n\t\t\t\t<\/div>\n\t\t\t\t\t<\/div>\n\t\t<\/div>\n\t\t\t\t\t\t\t<\/div>\n\t\t<\/div>\n\t\t\t\t<div class=\"elementor-section elementor-top-section elementor-element elementor-element-578017e elementor-section-stretched elementor-section-full_width elementor-section-height-default elementor-section-height-default\" data-id=\"578017e\" data-element_type=\"section\" data-settings=\"{&quot;stretch_section&quot;:&quot;section-stretched&quot;}\">\n\t\t\t\t\t\t<div class=\"elementor-container elementor-column-gap-no\">\n\t\t\t\t\t<div class=\"elementor-column elementor-col-100 elementor-top-column elementor-element elementor-element-1ec8904\" data-id=\"1ec8904\" data-element_type=\"column\">\n\t\t\t<div class=\"elementor-widget-wrap elementor-element-populated\">\n\t\t\t\t\t\t\t\t<div class=\"elementor-section elementor-inner-section elementor-element elementor-element-184f5aa elementor-section-boxed elementor-section-height-default elementor-section-height-default\" data-id=\"184f5aa\" data-element_type=\"section\">\n\t\t\t\t\t\t<div class=\"elementor-container elementor-column-gap-default\">\n\t\t\t\t\t<div class=\"elementor-column elementor-col-100 elementor-inner-column elementor-element elementor-element-2bc5568\" data-id=\"2bc5568\" data-element_type=\"column\">\n\t\t\t<div class=\"elementor-widget-wrap elementor-element-populated\">\n\t\t\t\t\t\t\t\t<div class=\"elementor-element elementor-element-22214af elementor-widget elementor-widget-r-energy-section-heading\" data-id=\"22214af\" data-element_type=\"widget\" data-widget_type=\"r-energy-section-heading.default\">\n\t\t\t\t<div class=\"elementor-widget-container\">\n\t\t\t<div class=\"heading primary-heading\"><h3 class=\"title\">servicios<\/h3><h5 class=\"subtitle\"><span>CARFER..<\/span> <span>un socio s\u00f3lido<\/span><\/h5><div class=\"desc\"><p>-<\/p>\n<\/div><\/div>\t\t<\/div>\n\t\t\t\t<\/div>\n\t\t\t\t\t<\/div>\n\t\t<\/div>\n\t\t\t\t\t\t\t<\/div>\n\t\t<\/div>\n\t\t\t\t\t<\/div>\n\t\t<\/div>\n\t\t\t\t\t\t\t<\/div>\n\t\t<\/div>\n\t\t\t\t<section class=\"elementor-section elementor-top-section elementor-element elementor-element-5fd9c00 elementor-section-boxed elementor-section-height-default elementor-section-height-default\" data-id=\"5fd9c00\" data-element_type=\"section\">\n\t\t\t\t\t\t<div class=\"elementor-container elementor-column-gap-default\">\n\t\t\t\t\t<div class=\"elementor-column elementor-col-100 elementor-top-column elementor-element elementor-element-852e223\" data-id=\"852e223\" data-element_type=\"column\">\n\t\t\t<div class=\"elementor-widget-wrap elementor-element-populated\">\n\t\t\t\t\t\t\t\t<div class=\"elementor-element elementor-element-1a88f69 elementor-widget-divider--view-line elementor-widget elementor-widget-divider\" data-id=\"1a88f69\" data-element_type=\"widget\" data-widget_type=\"divider.default\">\n\t\t\t\t<div class=\"elementor-widget-container\">\n\t\t\t\t\t<div class=\"elementor-divider\">\n\t\t\t<span class=\"elementor-divider-separator\">\n\t\t\t\t\t\t<\/span>\n\t\t<\/div>\n\t\t\t\t<\/div>\n\t\t\t\t<\/div>\n\t\t\t\t\t<\/div>\n\t\t<\/div>\n\t\t\t\t\t\t\t<\/div>\n\t\t<\/section>\n\t\t\t\t\t\t<\/div>\n\t\t\t\t\t<\/div>\n\t\t","protected":false},"excerpt":{"rendered":"<p>Carfer Energy Nuestros Servicios Servicios Nuestros servicios CARFER ENERGY CARFER Energy desarrolla los proyectos de forma estrat\u00e9gica, segura y con la m\u00e1xima garant\u00eda ante los diferentes niveles de riesgo (financiero, regulatorio, administrativo), minimiz\u00e1ndolos y optimizando la rentabilidad. La compa\u00f1\u00eda aborda todo tipo de proyectos renovables de forma integral, prestando los siguientes servicios: Energ\u00eda E\u00f3lica y&#8230;<\/p>\n","protected":false},"author":1,"featured_media":0,"parent":0,"menu_order":0,"comment_status":"closed","ping_status":"closed","template":"r-energy-elementor-page.php","meta":[],"_links":{"self":[{"href":"https:\/\/carfer.energy\/index.php\/wp-json\/wp\/v2\/pages\/382"}],"collection":[{"href":"https:\/\/carfer.energy\/index.php\/wp-json\/wp\/v2\/pages"}],"about":[{"href":"https:\/\/carfer.energy\/index.php\/wp-json\/wp\/v2\/types\/page"}],"author":[{"embeddable":true,"href":"https:\/\/carfer.energy\/index.php\/wp-json\/wp\/v2\/users\/1"}],"replies":[{"embeddable":true,"href":"https:\/\/carfer.energy\/index.php\/wp-json\/wp\/v2\/comments?post=382"}],"version-history":[{"count":112,"href":"https:\/\/carfer.energy\/index.php\/wp-json\/wp\/v2\/pages\/382\/revisions"}],"predecessor-version":[{"id":8610,"href":"https:\/\/carfer.energy\/index.php\/wp-json\/wp\/v2\/pages\/382\/revisions\/8610"}],"wp:attachment":[{"href":"https:\/\/carfer.energy\/index.php\/wp-json\/wp\/v2\/media?parent=382"}],"curies":[{"name":"wp","href":"https:\/\/api.w.org\/{rel}","templated":true}]}}