{"id":5171,"date":"2019-12-16T03:58:49","date_gmt":"2019-12-16T03:58:49","guid":{"rendered":"https:\/\/ninetheme.com\/themes\/r-energy\/?page_id=8"},"modified":"2021-04-04T19:11:27","modified_gmt":"2021-04-04T19:11:27","slug":"home-1","status":"publish","type":"page","link":"https:\/\/carfer.energy\/","title":{"rendered":"Home 1"},"content":{"rendered":"\t\t<div data-elementor-type=\"wp-page\" data-elementor-id=\"5171\" class=\"elementor elementor-5171\" data-elementor-settings=\"[]\">\n\t\t\t\t\t\t\t<div class=\"elementor-section-wrap\">\n\t\t\t\t\t\t\t<div class=\"elementor-section elementor-top-section elementor-element elementor-element-87ff06b elementor-section-full_width elementor-section-height-default elementor-section-height-default\" data-id=\"87ff06b\" data-element_type=\"section\">\n\t\t\t\t\t\t<div class=\"elementor-container elementor-column-gap-no\">\n\t\t\t\t\t<div class=\"elementor-column elementor-col-100 elementor-top-column elementor-element elementor-element-f0458e5\" data-id=\"f0458e5\" data-element_type=\"column\">\n\t\t\t<div class=\"elementor-widget-wrap elementor-element-populated\">\n\t\t\t\t\t\t\t\t<div class=\"elementor-element elementor-element-1a3b0ad elementor-invisible elementor-widget elementor-widget-r-energy-home-slider-one\" data-id=\"1a3b0ad\" data-element_type=\"widget\" data-settings=\"{&quot;_animation&quot;:&quot;fadeIn&quot;}\" data-widget_type=\"r-energy-home-slider-one.default\">\n\t\t\t\t<div class=\"elementor-widget-container\">\n\t\t\t<div class=\"main-promo\"><div class=\"promo-slider promo-slider-1\" data-slider-settings='{\"autoplay\":false,\"fade\":true,\"adaptiveHeight\":true,\"infinite\":true,\"dots\":true,\"speed\":500}'><div class=\"slider-item item--style-1\"><div class=\"overlay\"><\/div><div class=\"bg-holder jarallax\"><picture><source srcset=\"https:\/\/ninetheme.com\/themes\/r-energy\/wp-content\/uploads\/2020\/01\/Slider_1_new.jpg\" media=\"(min-width: 992px)\"\/><img class=\"img-bg jarallax-img\" src=\"https:\/\/ninetheme.com\/themes\/r-energy\/wp-content\/uploads\/2020\/01\/Slider_1_new.jpg\" alt=\"solar slider item img\"\/><\/picture><\/div><div class=\"container\"><div class=\"row\"><div class=\"col-xl-6 col-lg-7 col-md-9\"><div class=\"align-container\"><div class=\"align-item\"><h2 class=\"title\">CARFER Energy <br><H1>Consultora Integral<\/H1> <H2>de Proyectos Renovables<\/H2><\/h2><a class=\"r-button r-button--filled\" href=\"http:\/\/carfer.energy\/index.php\/our-services\/\" data-hover=\"Servicios\"><span>Servicios<\/span><\/a><\/div><\/div><\/div><\/div><\/div><\/div><div class=\"slider-item item--style-2\"><div class=\"overlay\"><\/div><div class=\"bg-holder jarallax\"><picture><source srcset=\"https:\/\/ninetheme.com\/themes\/r-energy\/wp-content\/uploads\/2019\/12\/promo-2.jpg\" media=\"(min-width: 992px)\"\/><img class=\"img-bg jarallax-img\" src=\"https:\/\/ninetheme.com\/themes\/r-energy\/wp-content\/uploads\/2019\/12\/promo-2.jpg\" alt=\"promo-2.jpg\"\/><\/picture><\/div><div class=\"container\"><div class=\"row\"><div class=\"col-xl-10 offset-xl-1\"><div class=\"align-container\"><div class=\"align-item\"><h2 class=\"title\">CARFER Energy <br><H1>Consultora Integral<\/H1> <H2>de Proyectos Renovables<\/H2><\/h2><a class=\"r-button r-button--filled\" href=\"http:\/\/carfer.energy\/index.php\/our-services\/\" data-hover=\"Servicios\"><span>Servicios<\/span><\/a><\/div><\/div><\/div><\/div><\/div><\/div><div class=\"slider-item item--style-3\"><div class=\"overlay\"><\/div><div class=\"bg-holder jarallax\"><picture><source srcset=\"https:\/\/ninetheme.com\/themes\/r-energy\/wp-content\/uploads\/2019\/12\/promo-3.jpg\" media=\"(min-width: 992px)\"\/><img class=\"img-bg jarallax-img\" src=\"https:\/\/ninetheme.com\/themes\/r-energy\/wp-content\/uploads\/2019\/12\/promo-3.jpg\" alt=\"promo-3.jpg\"\/><\/picture><\/div><div class=\"container\"><div class=\"row\"><div class=\"col-12\"><div class=\"align-container\"><div class=\"align-item\"><h2 class=\"title\">CARFER Energy <br><H1>Consultora Integral<\/H1> <H2>de Proyectos Renovables<\/H2><\/h2><\/div><\/div><\/div><\/div><\/div><\/div><\/div><div class=\"slider-nav\"><div class=\"container\"><div class=\"row\"><div class=\"col-xl-5\"><div class=\"inner-block\"><div class=\"promo-dots\"><\/div><span class=\"paging-info\"><\/span><\/div><\/div><\/div><\/div><\/div><div class=\"promo-lower\"><div class=\"promo-contacts\"><p class=\"address\">Gran Via Carles III, 98, 10\u00ba | 08028 Barcelona<\/p>\n<p> Espa\u00f1a<\/p>\n<p class=\"phone-number\">Tel\u00e9fono: <a href=\"tel:+34 692 30 19 79\">+34 692 30 19 79<\/a><\/p>\n<p class=\"e-main\">Email: <a href=\"mailto:hello@carfer.energy\">hello@carfer.energy<\/a><\/p>\n<\/div><div class=\"promo-socials\"><nav class=\"socials-holder\"><ul class=\"socials-primary\"><\/ul><\/nav><\/div><div class=\"video-block\"><div class=\"img-holder\"><img class=\"img-bg\" src=\"https:\/\/carfer.energy\/wp-content\/plugins\/r-energy-elementor-addons\/assets\/front\/img\/video-bg.jpg\" alt=\"\"\/><div class=\"overlay\"><\/div><a class=\"fancy-video\" href=\"https:\/\/www.youtube.com\/watch?v=_sI_Ps7JSEk\"><i class=\"fa fa-play\" aria-hidden=\"true\"><\/i><\/a><\/div><\/div><\/div><\/div>\t\t<\/div>\n\t\t\t\t<\/div>\n\t\t\t\t\t<\/div>\n\t\t<\/div>\n\t\t\t\t\t\t\t<\/div>\n\t\t<\/div>\n\t\t\t\t<div class=\"elementor-section elementor-top-section elementor-element elementor-element-0d4e669 nt-section section default-indent elementor-section-boxed elementor-section-height-default elementor-section-height-default\" data-id=\"0d4e669\" data-element_type=\"section\">\n\t\t\t\t\t\t<div class=\"elementor-container elementor-column-gap-default\">\n\t\t\t\t\t<div class=\"elementor-column elementor-col-100 elementor-top-column elementor-element elementor-element-eeac316\" data-id=\"eeac316\" data-element_type=\"column\">\n\t\t\t<div class=\"elementor-widget-wrap elementor-element-populated\">\n\t\t\t\t\t\t\t\t<div class=\"elementor-section elementor-inner-section elementor-element elementor-element-588b6d7 elementor-section-boxed elementor-section-height-default elementor-section-height-default\" data-id=\"588b6d7\" data-element_type=\"section\">\n\t\t\t\t\t\t<div class=\"elementor-container elementor-column-gap-no\">\n\t\t\t\t\t<div class=\"elementor-column elementor-col-100 elementor-inner-column elementor-element elementor-element-ba89b81\" data-id=\"ba89b81\" data-element_type=\"column\">\n\t\t\t<div class=\"elementor-widget-wrap elementor-element-populated\">\n\t\t\t\t\t\t\t\t<div class=\"elementor-element elementor-element-53a7e59 elementor-widget elementor-widget-r-energy-section-heading\" data-id=\"53a7e59\" data-element_type=\"widget\" data-widget_type=\"r-energy-section-heading.default\">\n\t\t\t\t<div class=\"elementor-widget-container\">\n\t\t\t<div class=\"heading primary-heading\"><h3 class=\"title\">servicios<\/h3><h5 class=\"subtitle\"><span>CARFER Energy<\/span><br>\n <span>un equipo experimentado<\/span><\/h5><div class=\"desc\"><p>Desarrollamos proyectos renovables de forma estrat\u00e9gica, segura y con la m\u00e1xima garant\u00eda ante los diferentes niveles de riesgo (financiero, regulatorio, administrativo), minimiz\u00e1ndolos y optimizando su rentabilidad.<\/p>\n<\/div><\/div>\t\t<\/div>\n\t\t\t\t<\/div>\n\t\t\t\t\t<\/div>\n\t\t<\/div>\n\t\t\t\t\t\t\t<\/div>\n\t\t<\/div>\n\t\t\t\t<div class=\"elementor-section elementor-inner-section elementor-element elementor-element-adecd9e elementor-section-boxed elementor-section-height-default elementor-section-height-default\" data-id=\"adecd9e\" data-element_type=\"section\">\n\t\t\t\t\t\t<div class=\"elementor-container elementor-column-gap-default\">\n\t\t\t\t\t<div class=\"elementor-column elementor-col-33 elementor-inner-column elementor-element elementor-element-80c9a58\" data-id=\"80c9a58\" data-element_type=\"column\">\n\t\t\t<div class=\"elementor-widget-wrap elementor-element-populated\">\n\t\t\t\t\t\t\t\t<div class=\"elementor-element elementor-element-77d5d80 elementor-widget elementor-widget-image\" data-id=\"77d5d80\" data-element_type=\"widget\" data-widget_type=\"image.default\">\n\t\t\t\t<div class=\"elementor-widget-container\">\n\t\t\t\t\t<div class=\"elementor-image\">\n\t\t\t\t\t\t\t\t\t\t<img src=\"https:\/\/carfer.energy\/wp-content\/uploads\/2020\/01\/serv-3.svg\" class=\"attachment-large size-large\" alt=\"\" loading=\"lazy\" height=\"67\" width=\"69\" \/>\t\t\t\t\t\t\t\t\t\t\t<\/div>\n\t\t\t\t<\/div>\n\t\t\t\t<\/div>\n\t\t\t\t<div class=\"elementor-element elementor-element-754d0b5 elementor-widget elementor-widget-heading\" data-id=\"754d0b5\" data-element_type=\"widget\" data-widget_type=\"heading.default\">\n\t\t\t\t<div class=\"elementor-widget-container\">\n\t\t\t<h4 class=\"elementor-heading-title elementor-size-default\">Energ\u00eda E\u00f3lica<\/h4>\t\t<\/div>\n\t\t\t\t<\/div>\n\t\t\t\t\t<\/div>\n\t\t<\/div>\n\t\t\t\t<div class=\"elementor-column elementor-col-33 elementor-inner-column elementor-element elementor-element-98c3e1c\" data-id=\"98c3e1c\" data-element_type=\"column\">\n\t\t\t<div class=\"elementor-widget-wrap elementor-element-populated\">\n\t\t\t\t\t\t\t\t<div class=\"elementor-element elementor-element-48f3e89 elementor-widget elementor-widget-image\" data-id=\"48f3e89\" data-element_type=\"widget\" data-widget_type=\"image.default\">\n\t\t\t\t<div class=\"elementor-widget-container\">\n\t\t\t\t\t<div class=\"elementor-image\">\n\t\t\t\t\t\t\t\t\t\t<img src=\"https:\/\/carfer.energy\/wp-content\/uploads\/2020\/01\/serv-1.svg\" class=\"attachment-large size-large\" alt=\"\" loading=\"lazy\" height=\"70\" width=\"70\" \/>\t\t\t\t\t\t\t\t\t\t\t<\/div>\n\t\t\t\t<\/div>\n\t\t\t\t<\/div>\n\t\t\t\t<div class=\"elementor-element elementor-element-0147cfd elementor-widget elementor-widget-heading\" data-id=\"0147cfd\" data-element_type=\"widget\" data-widget_type=\"heading.default\">\n\t\t\t\t<div class=\"elementor-widget-container\">\n\t\t\t<h4 class=\"elementor-heading-title elementor-size-default\">Energ\u00eda Solar<\/h4>\t\t<\/div>\n\t\t\t\t<\/div>\n\t\t\t\t\t<\/div>\n\t\t<\/div>\n\t\t\t\t<div class=\"elementor-column elementor-col-33 elementor-inner-column elementor-element elementor-element-ad3a494\" data-id=\"ad3a494\" data-element_type=\"column\">\n\t\t\t<div class=\"elementor-widget-wrap elementor-element-populated\">\n\t\t\t\t\t\t\t\t<div class=\"elementor-element elementor-element-68a64ff elementor-widget elementor-widget-image\" data-id=\"68a64ff\" data-element_type=\"widget\" data-widget_type=\"image.default\">\n\t\t\t\t<div class=\"elementor-widget-container\">\n\t\t\t\t\t<div class=\"elementor-image\">\n\t\t\t\t\t\t\t\t\t\t<img src=\"https:\/\/carfer.energy\/wp-content\/uploads\/2020\/01\/serv-2.svg\" class=\"attachment-large size-large\" alt=\"\" loading=\"lazy\" height=\"74\" width=\"60\" \/>\t\t\t\t\t\t\t\t\t\t\t<\/div>\n\t\t\t\t<\/div>\n\t\t\t\t<\/div>\n\t\t\t\t<div class=\"elementor-element elementor-element-44f4296 elementor-widget elementor-widget-heading\" data-id=\"44f4296\" data-element_type=\"widget\" data-widget_type=\"heading.default\">\n\t\t\t\t<div class=\"elementor-widget-container\">\n\t\t\t<h4 class=\"elementor-heading-title elementor-size-default\">Energ\u00eda Hidroel\u00e9ctrica<\/h4>\t\t<\/div>\n\t\t\t\t<\/div>\n\t\t\t\t\t<\/div>\n\t\t<\/div>\n\t\t\t\t\t\t\t<\/div>\n\t\t<\/div>\n\t\t\t\t\t<\/div>\n\t\t<\/div>\n\t\t\t\t\t\t\t<\/div>\n\t\t<\/div>\n\t\t\t\t<div class=\"elementor-section elementor-top-section elementor-element elementor-element-ddf4f45 elementor-section-stretched elementor-section-full_width elementor-section-height-default elementor-section-height-default\" data-id=\"ddf4f45\" data-element_type=\"section\" data-settings=\"{&quot;stretch_section&quot;:&quot;section-stretched&quot;}\">\n\t\t\t\t\t\t<div class=\"elementor-container elementor-column-gap-no\">\n\t\t\t\t\t<div class=\"elementor-column elementor-col-100 elementor-top-column elementor-element elementor-element-8892bd6\" data-id=\"8892bd6\" data-element_type=\"column\">\n\t\t\t<div class=\"elementor-widget-wrap elementor-element-populated\">\n\t\t\t\t\t\t\t\t<div class=\"elementor-element elementor-element-384148d elementor-widget elementor-widget-r-energy-about-us-one-section\" data-id=\"384148d\" data-element_type=\"widget\" data-widget_type=\"r-energy-about-us-one-section.default\">\n\t\t\t\t<div class=\"elementor-widget-container\">\n\t\t\t<div class=\"section about no-padding-top no-padding-bottom\"><div class=\"container\"><div class=\"row\"><div class=\"col-xl-5 col-lg-6 col-md-7\"><div class=\"title-block\"><h2 class=\"title\">. Carfer Energy<\/h2><\/div><\/div><\/div><\/div><div class=\"bg-holder\"><div class=\"text-holder\"><span>.<\/span><\/div><div class=\"img-holder jarallax\"><div class=\"overlay\"><\/div><picture><source srcset=\"https:\/\/carfer.energy\/wp-content\/uploads\/2019\/12\/about-bg.jpg\" media=\"(min-width: 992px)\"\/><img class=\"img-bg jarallax-img\" src=\"https:\/\/carfer.energy\/wp-content\/uploads\/2019\/12\/about-bg.jpg\" alt=\"about-bg.jpg\"\/><\/picture><\/div><\/div><div class=\"container\"><div class=\"row\"><div class=\"col-xl-7 offset-xl-5 col-lg-8 offset-lg-4 col-md-10 offset-md-2\"><div class=\"about-item\"><h2 class=\"title\">Aportamos futuro a la energ\u00eda<\/h2><p>En CARFER Energy estamos comprometidos con la transici\u00f3n energ\u00e9tica y creemos firmemente que, en la actual coyuntura, el sector de las energ\u00edas renovables ser\u00e1 uno de los principales motores para la recuperaci\u00f3n econ\u00f3mica de los pa\u00edses europeos.<\/p>\n<a class=\"with--line\" href=\"http:\/\/carfer.energy\/index.php\/about\/\"><span>Leer m\u00e1s<\/span><\/a><\/div><\/div><\/div><\/div><\/div>\t\t<\/div>\n\t\t\t\t<\/div>\n\t\t\t\t<div class=\"elementor-element elementor-element-7c0ad98 elementor-widget elementor-widget-spacer\" data-id=\"7c0ad98\" data-element_type=\"widget\" data-widget_type=\"spacer.default\">\n\t\t\t\t<div class=\"elementor-widget-container\">\n\t\t\t\t\t<div class=\"elementor-spacer\">\n\t\t\t<div class=\"elementor-spacer-inner\"><\/div>\n\t\t<\/div>\n\t\t\t\t<\/div>\n\t\t\t\t<\/div>\n\t\t\t\t\t<\/div>\n\t\t<\/div>\n\t\t\t\t\t\t\t<\/div>\n\t\t<\/div>\n\t\t\t\t<div class=\"elementor-section elementor-top-section elementor-element elementor-element-7deb2ba elementor-section-stretched elementor-section-full_width elementor-section-height-default elementor-section-height-default\" data-id=\"7deb2ba\" data-element_type=\"section\" data-settings=\"{&quot;stretch_section&quot;:&quot;section-stretched&quot;}\">\n\t\t\t\t\t\t<div class=\"elementor-container elementor-column-gap-no\">\n\t\t\t\t\t<div class=\"elementor-column elementor-col-100 elementor-top-column elementor-element elementor-element-5742b2e\" data-id=\"5742b2e\" data-element_type=\"column\">\n\t\t\t<div class=\"elementor-widget-wrap elementor-element-populated\">\n\t\t\t\t\t\t\t\t<div class=\"elementor-element elementor-element-69ebd99 elementor-widget elementor-widget-r-energy-contact-form-map-section\" data-id=\"69ebd99\" data-element_type=\"widget\" data-widget_type=\"r-energy-contact-form-map-section.default\">\n\t\t\t\t<div class=\"elementor-widget-container\">\n\t\t\t<div class=\"map-section section-contact\"><div class=\"contacts-banner\"><div class=\"container\"><div class=\"row\"><div class=\"col-12\"><div class=\"title-block\"><h2 class=\"title\">\u00bfTiene un proyecto en mente?...<\/h2><\/div><\/div><\/div><div class=\"row\"><div class=\"col-12\"><div class=\"address-block inner-block\"><p class=\"address\"> Gran Via Carles III, 98, 10\u00ba | 08028 Barcelona <br>\nEspa\u00f1a<\/p><\/div><\/div><div class=\"col-12\"><div class=\"phones-block inner-block\"><p><a href=\"tel:+34 692 30 19 79\">+34 692 30 19 79<\/a><\/p><\/div><\/div><div class=\"col-12\"><div class=\"mail-block inner-block\"><p><a href=\"mailto:hello@carfer.energy\">hello@carfer.energy<\/a><\/p><\/div><\/div><\/div><\/div><\/div><\/div>\t\t<\/div>\n\t\t\t\t<\/div>\n\t\t\t\t\t<\/div>\n\t\t<\/div>\n\t\t\t\t\t\t\t<\/div>\n\t\t<\/div>\n\t\t\t\t<div class=\"elementor-section elementor-top-section elementor-element elementor-element-11caf4a4 elementor-section-stretched footer-style-2 elementor-section-full_width elementor-section-height-default elementor-section-height-default\" data-id=\"11caf4a4\" data-element_type=\"section\" data-settings=\"{&quot;stretch_section&quot;:&quot;section-stretched&quot;,&quot;background_background&quot;:&quot;classic&quot;}\">\n\t\t\t\t\t\t<div class=\"elementor-container elementor-column-gap-no\">\n\t\t\t\t\t<div class=\"elementor-column elementor-col-100 elementor-top-column elementor-element elementor-element-d635fae\" data-id=\"d635fae\" data-element_type=\"column\">\n\t\t\t<div class=\"elementor-widget-wrap elementor-element-populated\">\n\t\t\t\t\t\t\t\t<div class=\"elementor-section elementor-inner-section elementor-element elementor-element-3fae3ceb elementor-section-boxed elementor-section-height-default elementor-section-height-default\" data-id=\"3fae3ceb\" data-element_type=\"section\">\n\t\t\t\t\t\t<div class=\"elementor-container elementor-column-gap-default\">\n\t\t\t\t\t<div class=\"elementor-column elementor-col-100 elementor-inner-column elementor-element elementor-element-4032bfc4\" data-id=\"4032bfc4\" data-element_type=\"column\">\n\t\t\t<div class=\"elementor-widget-wrap elementor-element-populated\">\n\t\t\t\t\t\t\t\t<div class=\"elementor-element elementor-element-5f2cf81b custom-caption elementor-widget elementor-widget-image\" data-id=\"5f2cf81b\" data-element_type=\"widget\" data-widget_type=\"image.default\">\n\t\t\t\t<div class=\"elementor-widget-container\">\n\t\t\t\t\t<div class=\"elementor-image\">\n\t\t\t\t\t\t\t<figure class=\"wp-caption\">\n\t\t\t\t\t\t\t\t\t\t\t<a href=\"http:\/\/carferc.cluster023.hosting.ovh.net\/\">\n\t\t\t\t\t\t\t<img width=\"56\" height=\"65\" src=\"https:\/\/carfer.energy\/wp-content\/uploads\/2021\/04\/logo_carfer_energy2.png\" class=\"attachment-full size-full\" alt=\"\" loading=\"lazy\" \/>\t\t\t\t\t\t\t\t<\/a>\n\t\t\t\t\t\t\t\t\t\t\t<figcaption class=\"widget-image-caption wp-caption-text\">CARFER ENERGY<\/figcaption>\n\t\t\t\t\t\t\t\t\t\t<\/figure>\n\t\t\t\t\t<\/div>\n\t\t\t\t<\/div>\n\t\t\t\t<\/div>\n\t\t\t\t<div class=\"elementor-element elementor-element-b644856 elementor-widget elementor-widget-google_maps\" data-id=\"b644856\" data-element_type=\"widget\" data-widget_type=\"google_maps.default\">\n\t\t\t\t<div class=\"elementor-widget-container\">\n\t\t\t<div class=\"elementor-custom-embed\"><iframe frameborder=\"0\" scrolling=\"no\" marginheight=\"0\" marginwidth=\"0\" src=\"https:\/\/maps.google.com\/maps?q=Gran%20Via%20Carles%20III%2C%2098&amp;t=m&amp;z=14&amp;output=embed&amp;iwloc=near\" title=\"Gran Via Carles III, 98\" aria-label=\"Gran Via Carles III, 98\"><\/iframe><\/div>\t\t<\/div>\n\t\t\t\t<\/div>\n\t\t\t\t<div class=\"elementor-element elementor-element-5b8b0e5a elementor-widget elementor-widget-heading\" data-id=\"5b8b0e5a\" data-element_type=\"widget\" data-widget_type=\"heading.default\">\n\t\t\t\t<div class=\"elementor-widget-container\">\n\t\t\t<p class=\"elementor-heading-title elementor-size-default\">Gran Via Carles III, 98, 10\u00ba | 08028 Barcelona<br>Espa\u00f1a<br>\nTel\u00e9fono: <a href=\"tel:+34 692 30 19 79\">+34 692 30 19 79<\/a><br>\nEmail: <a href=\"mailto:hello@carfer.energy\">hello@carfer.energy<\/a><\/p>\t\t<\/div>\n\t\t\t\t<\/div>\n\t\t\t\t\t<\/div>\n\t\t<\/div>\n\t\t\t\t\t\t\t<\/div>\n\t\t<\/div>\n\t\t\t\t<div class=\"elementor-section elementor-inner-section elementor-element elementor-element-7d260a6c elementor-section-content-middle elementor-section-boxed elementor-section-height-default elementor-section-height-default\" data-id=\"7d260a6c\" data-element_type=\"section\">\n\t\t\t\t\t\t<div class=\"elementor-container elementor-column-gap-no\">\n\t\t\t\t\t<div class=\"elementor-column elementor-col-33 elementor-inner-column elementor-element elementor-element-1e04cbbb\" data-id=\"1e04cbbb\" data-element_type=\"column\">\n\t\t\t<div class=\"elementor-widget-wrap elementor-element-populated\">\n\t\t\t\t\t\t\t\t<div class=\"elementor-element elementor-element-1ba2c919 elementor-widget elementor-widget-heading\" data-id=\"1ba2c919\" data-element_type=\"widget\" data-widget_type=\"heading.default\">\n\t\t\t\t<div class=\"elementor-widget-container\">\n\t\t\t<p class=\"elementor-heading-title elementor-size-default\">\u00a9 2021 CARFER ENERGY<\/p>\t\t<\/div>\n\t\t\t\t<\/div>\n\t\t\t\t\t<\/div>\n\t\t<\/div>\n\t\t\t\t<div class=\"elementor-column elementor-col-33 elementor-inner-column elementor-element elementor-element-1ce58090\" data-id=\"1ce58090\" data-element_type=\"column\">\n\t\t\t<div class=\"elementor-widget-wrap\">\n\t\t\t\t\t\t\t\t\t<\/div>\n\t\t<\/div>\n\t\t\t\t<div class=\"elementor-column elementor-col-33 elementor-inner-column elementor-element elementor-element-75bb06f7\" data-id=\"75bb06f7\" data-element_type=\"column\">\n\t\t\t<div class=\"elementor-widget-wrap\">\n\t\t\t\t\t\t\t\t\t<\/div>\n\t\t<\/div>\n\t\t\t\t\t\t\t<\/div>\n\t\t<\/div>\n\t\t\t\t\t<\/div>\n\t\t<\/div>\n\t\t\t\t\t\t\t<\/div>\n\t\t<\/div>\n\t\t\t\t\t\t<\/div>\n\t\t\t\t\t<\/div>\n\t\t","protected":false},"excerpt":{"rendered":"<p>CARFER Energy Consultora Integral de Proyectos Renovables Servicios CARFER Energy Consultora Integral de Proyectos Renovables Servicios CARFER Energy Consultora Integral de Proyectos Renovables Gran Via Carles III, 98, 10\u00ba | 08028 Barcelona Espa\u00f1a Tel\u00e9fono: +34 692 30 19 79 Email: hello@carfer.energy servicios CARFER Energy un equipo experimentado Desarrollamos proyectos renovables de forma estrat\u00e9gica, segura y&#8230;<\/p>\n","protected":false},"author":1,"featured_media":0,"parent":0,"menu_order":0,"comment_status":"closed","ping_status":"closed","template":"r-energy-elementor-page.php","meta":[],"_links":{"self":[{"href":"https:\/\/carfer.energy\/index.php\/wp-json\/wp\/v2\/pages\/5171"}],"collection":[{"href":"https:\/\/carfer.energy\/index.php\/wp-json\/wp\/v2\/pages"}],"about":[{"href":"https:\/\/carfer.energy\/index.php\/wp-json\/wp\/v2\/types\/page"}],"author":[{"embeddable":true,"href":"https:\/\/carfer.energy\/index.php\/wp-json\/wp\/v2\/users\/1"}],"replies":[{"embeddable":true,"href":"https:\/\/carfer.energy\/index.php\/wp-json\/wp\/v2\/comments?post=5171"}],"version-history":[{"count":98,"href":"https:\/\/carfer.energy\/index.php\/wp-json\/wp\/v2\/pages\/5171\/revisions"}],"predecessor-version":[{"id":8628,"href":"https:\/\/carfer.energy\/index.php\/wp-json\/wp\/v2\/pages\/5171\/revisions\/8628"}],"wp:attachment":[{"href":"https:\/\/carfer.energy\/index.php\/wp-json\/wp\/v2\/media?parent=5171"}],"curies":[{"name":"wp","href":"https:\/\/api.w.org\/{rel}","templated":true}]}}