{"id":709,"date":"2019-12-31T09:34:39","date_gmt":"2019-12-31T09:34:39","guid":{"rendered":"https:\/\/ninetheme.com\/themes\/r-energy\/?page_id=709"},"modified":"2022-08-02T08:58:27","modified_gmt":"2022-08-02T08:58:27","slug":"cases-2","status":"publish","type":"page","link":"https:\/\/carfer.energy\/index.php\/cases-2\/","title":{"rendered":"Projects"},"content":{"rendered":"\t\t<div data-elementor-type=\"wp-page\" data-elementor-id=\"709\" class=\"elementor elementor-709\" data-elementor-settings=\"[]\">\n\t\t\t\t\t\t\t<div class=\"elementor-section-wrap\">\n\t\t\t\t\t\t\t<section class=\"elementor-section elementor-top-section elementor-element elementor-element-5ba3669c elementor-section-stretched elementor-section-full_width elementor-section-height-default elementor-section-height-default\" data-id=\"5ba3669c\" data-element_type=\"section\" data-settings=\"{&quot;stretch_section&quot;:&quot;section-stretched&quot;}\">\n\t\t\t\t\t\t<div class=\"elementor-container elementor-column-gap-no\">\n\t\t\t\t\t<div class=\"elementor-column elementor-col-100 elementor-top-column elementor-element elementor-element-72a121c5\" data-id=\"72a121c5\" data-element_type=\"column\">\n\t\t\t<div class=\"elementor-widget-wrap elementor-element-populated\">\n\t\t\t\t\t\t\t\t<div class=\"elementor-element elementor-element-765aed7c elementor-widget elementor-widget-r-energy-page-hero-section\" data-id=\"765aed7c\" data-element_type=\"widget\" data-widget_type=\"r-energy-page-hero-section.default\">\n\t\t\t\t<div class=\"elementor-widget-container\">\n\t\t\t<div class=\"promo-primary\"><div class=\"overlay\"><\/div><picture><source srcset=\"https:\/\/carfer.energy\/wp-content\/uploads\/2020\/01\/Slider_1_new.jpg\" media=\"(min-width: 992px)\"\/><img class=\"img-bg\" src=\"https:\/\/carfer.energy\/wp-content\/uploads\/2020\/01\/Slider_1_new.jpg\" alt=\"solar slider item img\"\/><\/picture><div class=\"container\"><div class=\"row\"><div class=\"col-12\"><div class=\"align-container\"><div class=\"align-item\"><span class=\"site__name\">Carfer Energy<\/span><h1 class=\"title\">Proyectos<\/h1><\/div><\/div><\/div><\/div><\/div><\/div>\t\t<\/div>\n\t\t\t\t<\/div>\n\t\t\t\t\t<\/div>\n\t\t<\/div>\n\t\t\t\t\t\t\t<\/div>\n\t\t<\/section>\n\t\t\t\t<div class=\"elementor-section elementor-top-section elementor-element elementor-element-7b285b16 elementor-section-stretched elementor-section-boxed elementor-section-height-default elementor-section-height-default\" data-id=\"7b285b16\" data-element_type=\"section\" data-settings=\"{&quot;stretch_section&quot;:&quot;section-stretched&quot;}\">\n\t\t\t\t\t\t<div class=\"elementor-container elementor-column-gap-no\">\n\t\t\t\t\t<div class=\"elementor-column elementor-col-100 elementor-top-column elementor-element elementor-element-5f925c38\" data-id=\"5f925c38\" data-element_type=\"column\">\n\t\t\t<div class=\"elementor-widget-wrap elementor-element-populated\">\n\t\t\t\t\t\t\t\t<div class=\"elementor-element elementor-element-e67b658 elementor-widget elementor-widget-r-energy-section-heading\" data-id=\"e67b658\" data-element_type=\"widget\" data-widget_type=\"r-energy-section-heading.default\">\n\t\t\t\t<div class=\"elementor-widget-container\">\n\t\t\t<div class=\"heading primary-heading text-center\"><h3 class=\"title\">Hemos trabajado<\/h3><h5 class=\"subtitle\"><span>en proyectos <\/span> <span>Internacionales<\/span><\/h5><div class=\"desc\"><p>CARFER Energy cuenta con un equipo especializado en tecnolog\u00eda e\u00f3lica, solar fotovoltaica, y biomasa. Alto \u201cknow-how\u201d del sector energ\u00e9tico a nivel internacional, con una trayectoria de m\u00e1s de 30 a\u00f1os en el desarrollo de proyectos.<\/p>\n<\/div><\/div>\t\t<\/div>\n\t\t\t\t<\/div>\n\t\t\t\t\t<\/div>\n\t\t<\/div>\n\t\t\t\t\t\t\t<\/div>\n\t\t<\/div>\n\t\t\t\t<div class=\"elementor-section elementor-top-section elementor-element elementor-element-c17bae9 nt-section section no-padding-top elementor-section-boxed elementor-section-height-default elementor-section-height-default\" data-id=\"c17bae9\" data-element_type=\"section\">\n\t\t\t\t\t\t<div class=\"elementor-container elementor-column-gap-no\">\n\t\t\t\t\t<div class=\"elementor-column elementor-col-100 elementor-top-column elementor-element elementor-element-f12af17\" data-id=\"f12af17\" data-element_type=\"column\">\n\t\t\t<div class=\"elementor-widget-wrap elementor-element-populated\">\n\t\t\t\t\t\t\t\t<section class=\"elementor-section elementor-inner-section elementor-element elementor-element-f850698 elementor-section-boxed elementor-section-height-default elementor-section-height-default\" data-id=\"f850698\" data-element_type=\"section\">\n\t\t\t\t\t\t<div class=\"elementor-container elementor-column-gap-default\">\n\t\t\t\t\t<div class=\"elementor-column elementor-col-50 elementor-inner-column elementor-element elementor-element-1666e03\" data-id=\"1666e03\" data-element_type=\"column\">\n\t\t\t<div class=\"elementor-widget-wrap elementor-element-populated\">\n\t\t\t\t\t\t\t\t<div class=\"elementor-element elementor-element-7a10d1e elementor-widget elementor-widget-text-editor\" data-id=\"7a10d1e\" data-element_type=\"widget\" data-widget_type=\"text-editor.default\">\n\t\t\t\t<div class=\"elementor-widget-container\">\n\t\t\t\t\t<div class=\"elementor-text-editor elementor-clearfix\"><\/div>\n\t\t\t\t<\/div>\n\t\t\t\t<\/div>\n\t\t\t\t<div class=\"elementor-element elementor-element-4261cf6 elementor-widget elementor-widget-text-editor\" data-id=\"4261cf6\" data-element_type=\"widget\" data-widget_type=\"text-editor.default\">\n\t\t\t\t<div class=\"elementor-widget-container\">\n\t\t\t\t\t<div class=\"elementor-text-editor elementor-clearfix\"><\/div>\n\t\t\t\t<\/div>\n\t\t\t\t<\/div>\n\t\t\t\t<div class=\"elementor-element elementor-element-e4f7efb elementor-widget elementor-widget-image\" data-id=\"e4f7efb\" data-element_type=\"widget\" data-widget_type=\"image.default\">\n\t\t\t\t<div class=\"elementor-widget-container\">\n\t\t\t\t\t<div class=\"elementor-image\">\n\t\t\t\t\t\t\t\t\t\t<img width=\"744\" height=\"474\" src=\"https:\/\/carfer.energy\/wp-content\/uploads\/2021\/09\/ancona_pv.png\" class=\"attachment-large size-large\" alt=\"\" loading=\"lazy\" srcset=\"https:\/\/carfer.energy\/wp-content\/uploads\/2021\/09\/ancona_pv.png 744w, https:\/\/carfer.energy\/wp-content\/uploads\/2021\/09\/ancona_pv-300x191.png 300w, https:\/\/carfer.energy\/wp-content\/uploads\/2021\/09\/ancona_pv-600x382.png 600w\" sizes=\"(max-width: 744px) 100vw, 744px\" \/>\t\t\t\t\t\t\t\t\t\t\t<\/div>\n\t\t\t\t<\/div>\n\t\t\t\t<\/div>\n\t\t\t\t<div class=\"elementor-element elementor-element-15a6209 elementor-widget elementor-widget-text-editor\" data-id=\"15a6209\" data-element_type=\"widget\" data-widget_type=\"text-editor.default\">\n\t\t\t\t<div class=\"elementor-widget-container\">\n\t\t\t\t\t<div class=\"elementor-text-editor elementor-clearfix\"><p style=\"text-align: center;\">Ancona, (Italia)<\/p><\/div>\n\t\t\t\t<\/div>\n\t\t\t\t<\/div>\n\t\t\t\t<div class=\"elementor-element elementor-element-af90a44 elementor-widget elementor-widget-image\" data-id=\"af90a44\" data-element_type=\"widget\" data-widget_type=\"image.default\">\n\t\t\t\t<div class=\"elementor-widget-container\">\n\t\t\t\t\t<div class=\"elementor-image\">\n\t\t\t\t\t\t\t\t\t\t<img width=\"744\" height=\"442\" src=\"https:\/\/carfer.energy\/wp-content\/uploads\/2021\/09\/ruidoms_pv.png\" class=\"attachment-large size-large\" alt=\"\" loading=\"lazy\" srcset=\"https:\/\/carfer.energy\/wp-content\/uploads\/2021\/09\/ruidoms_pv.png 744w, https:\/\/carfer.energy\/wp-content\/uploads\/2021\/09\/ruidoms_pv-300x178.png 300w, https:\/\/carfer.energy\/wp-content\/uploads\/2021\/09\/ruidoms_pv-600x356.png 600w\" sizes=\"(max-width: 744px) 100vw, 744px\" \/>\t\t\t\t\t\t\t\t\t\t\t<\/div>\n\t\t\t\t<\/div>\n\t\t\t\t<\/div>\n\t\t\t\t<div class=\"elementor-element elementor-element-5578c38 elementor-widget elementor-widget-text-editor\" data-id=\"5578c38\" data-element_type=\"widget\" data-widget_type=\"text-editor.default\">\n\t\t\t\t<div class=\"elementor-widget-container\">\n\t\t\t\t\t<div class=\"elementor-text-editor elementor-clearfix\"><p style=\"text-align: center;\">Riudoms, Tarragona (Espa\u00f1a)<\/p><\/div>\n\t\t\t\t<\/div>\n\t\t\t\t<\/div>\n\t\t\t\t\t<\/div>\n\t\t<\/div>\n\t\t\t\t<div class=\"elementor-column elementor-col-50 elementor-inner-column elementor-element elementor-element-5c28820\" data-id=\"5c28820\" data-element_type=\"column\">\n\t\t\t<div class=\"elementor-widget-wrap elementor-element-populated\">\n\t\t\t\t\t\t\t\t<div class=\"elementor-element elementor-element-6e3ed88 elementor-widget elementor-widget-text-editor\" data-id=\"6e3ed88\" data-element_type=\"widget\" data-widget_type=\"text-editor.default\">\n\t\t\t\t<div class=\"elementor-widget-container\">\n\t\t\t\t\t<div class=\"elementor-text-editor elementor-clearfix\"><\/div>\n\t\t\t\t<\/div>\n\t\t\t\t<\/div>\n\t\t\t\t<div class=\"elementor-element elementor-element-237dbfe elementor-widget elementor-widget-text-editor\" data-id=\"237dbfe\" data-element_type=\"widget\" data-widget_type=\"text-editor.default\">\n\t\t\t\t<div class=\"elementor-widget-container\">\n\t\t\t\t\t<div class=\"elementor-text-editor elementor-clearfix\"><\/div>\n\t\t\t\t<\/div>\n\t\t\t\t<\/div>\n\t\t\t\t<div class=\"elementor-element elementor-element-e1d9ca6 elementor-widget elementor-widget-image\" data-id=\"e1d9ca6\" data-element_type=\"widget\" data-widget_type=\"image.default\">\n\t\t\t\t<div class=\"elementor-widget-container\">\n\t\t\t\t\t<div class=\"elementor-image\">\n\t\t\t\t\t\t\t\t\t\t<img width=\"744\" height=\"464\" src=\"https:\/\/carfer.energy\/wp-content\/uploads\/2021\/09\/reus_pv.png\" class=\"attachment-large size-large\" alt=\"\" loading=\"lazy\" srcset=\"https:\/\/carfer.energy\/wp-content\/uploads\/2021\/09\/reus_pv.png 744w, https:\/\/carfer.energy\/wp-content\/uploads\/2021\/09\/reus_pv-300x187.png 300w, https:\/\/carfer.energy\/wp-content\/uploads\/2021\/09\/reus_pv-600x374.png 600w\" sizes=\"(max-width: 744px) 100vw, 744px\" \/>\t\t\t\t\t\t\t\t\t\t\t<\/div>\n\t\t\t\t<\/div>\n\t\t\t\t<\/div>\n\t\t\t\t<div class=\"elementor-element elementor-element-2ac0f2a elementor-widget elementor-widget-text-editor\" data-id=\"2ac0f2a\" data-element_type=\"widget\" data-widget_type=\"text-editor.default\">\n\t\t\t\t<div class=\"elementor-widget-container\">\n\t\t\t\t\t<div class=\"elementor-text-editor elementor-clearfix\"><p style=\"text-align: center;\">Reus, Tarragona (Espa\u00f1a)<\/p><\/div>\n\t\t\t\t<\/div>\n\t\t\t\t<\/div>\n\t\t\t\t<div class=\"elementor-element elementor-element-27de140 elementor-widget elementor-widget-image\" data-id=\"27de140\" data-element_type=\"widget\" data-widget_type=\"image.default\">\n\t\t\t\t<div class=\"elementor-widget-container\">\n\t\t\t\t\t<div class=\"elementor-image\">\n\t\t\t\t\t\t\t\t\t\t<img width=\"744\" height=\"559\" src=\"https:\/\/carfer.energy\/wp-content\/uploads\/2021\/09\/pergola_pv.png\" class=\"attachment-large size-large\" alt=\"\" loading=\"lazy\" srcset=\"https:\/\/carfer.energy\/wp-content\/uploads\/2021\/09\/pergola_pv.png 744w, https:\/\/carfer.energy\/wp-content\/uploads\/2021\/09\/pergola_pv-300x225.png 300w, https:\/\/carfer.energy\/wp-content\/uploads\/2021\/09\/pergola_pv-600x451.png 600w\" sizes=\"(max-width: 744px) 100vw, 744px\" \/>\t\t\t\t\t\t\t\t\t\t\t<\/div>\n\t\t\t\t<\/div>\n\t\t\t\t<\/div>\n\t\t\t\t<div class=\"elementor-element elementor-element-f4dcd4d elementor-widget elementor-widget-text-editor\" data-id=\"f4dcd4d\" data-element_type=\"widget\" data-widget_type=\"text-editor.default\">\n\t\t\t\t<div class=\"elementor-widget-container\">\n\t\t\t\t\t<div class=\"elementor-text-editor elementor-clearfix\"><p style=\"text-align: center;\">Pergola trasl\u00facida, Alicante (Espa\u00f1a)<\/p><\/div>\n\t\t\t\t<\/div>\n\t\t\t\t<\/div>\n\t\t\t\t\t<\/div>\n\t\t<\/div>\n\t\t\t\t\t\t\t<\/div>\n\t\t<\/section>\n\t\t\t\t\t<\/div>\n\t\t<\/div>\n\t\t\t\t\t\t\t<\/div>\n\t\t<\/div>\n\t\t\t\t<section class=\"elementor-section elementor-top-section elementor-element elementor-element-ad44125 elementor-section-boxed elementor-section-height-default elementor-section-height-default\" data-id=\"ad44125\" data-element_type=\"section\">\n\t\t\t\t\t\t<div class=\"elementor-container elementor-column-gap-default\">\n\t\t\t\t\t<div class=\"elementor-column elementor-col-100 elementor-top-column elementor-element elementor-element-b0def89\" data-id=\"b0def89\" data-element_type=\"column\">\n\t\t\t<div class=\"elementor-widget-wrap elementor-element-populated\">\n\t\t\t\t\t\t\t\t<div class=\"elementor-element elementor-element-b40d3b3 elementor-widget-divider--view-line elementor-widget elementor-widget-divider\" data-id=\"b40d3b3\" data-element_type=\"widget\" data-widget_type=\"divider.default\">\n\t\t\t\t<div class=\"elementor-widget-container\">\n\t\t\t\t\t<div class=\"elementor-divider\">\n\t\t\t<span class=\"elementor-divider-separator\">\n\t\t\t\t\t\t<\/span>\n\t\t<\/div>\n\t\t\t\t<\/div>\n\t\t\t\t<\/div>\n\t\t\t\t\t<\/div>\n\t\t<\/div>\n\t\t\t\t\t\t\t<\/div>\n\t\t<\/section>\n\t\t\t\t\t\t<\/div>\n\t\t\t\t\t<\/div>\n\t\t","protected":false},"excerpt":{"rendered":"<p>Carfer Energy Proyectos Hemos trabajado en proyectos Internacionales CARFER Energy cuenta con un equipo especializado en tecnolog\u00eda e\u00f3lica, solar fotovoltaica, y biomasa. Alto \u201cknow-how\u201d del sector energ\u00e9tico a nivel internacional, con una trayectoria de m\u00e1s de 30 a\u00f1os en el desarrollo de proyectos. Ancona, (Italia) Riudoms, Tarragona (Espa\u00f1a) Reus, Tarragona (Espa\u00f1a) Pergola trasl\u00facida, Alicante (Espa\u00f1a)<\/p>\n","protected":false},"author":1,"featured_media":0,"parent":0,"menu_order":0,"comment_status":"closed","ping_status":"closed","template":"r-energy-elementor-page.php","meta":[],"_links":{"self":[{"href":"https:\/\/carfer.energy\/index.php\/wp-json\/wp\/v2\/pages\/709"}],"collection":[{"href":"https:\/\/carfer.energy\/index.php\/wp-json\/wp\/v2\/pages"}],"about":[{"href":"https:\/\/carfer.energy\/index.php\/wp-json\/wp\/v2\/types\/page"}],"author":[{"embeddable":true,"href":"https:\/\/carfer.energy\/index.php\/wp-json\/wp\/v2\/users\/1"}],"replies":[{"embeddable":true,"href":"https:\/\/carfer.energy\/index.php\/wp-json\/wp\/v2\/comments?post=709"}],"version-history":[{"count":25,"href":"https:\/\/carfer.energy\/index.php\/wp-json\/wp\/v2\/pages\/709\/revisions"}],"predecessor-version":[{"id":8671,"href":"https:\/\/carfer.energy\/index.php\/wp-json\/wp\/v2\/pages\/709\/revisions\/8671"}],"wp:attachment":[{"href":"https:\/\/carfer.energy\/index.php\/wp-json\/wp\/v2\/media?parent=709"}],"curies":[{"name":"wp","href":"https:\/\/api.w.org\/{rel}","templated":true}]}}